{"id":7,"date":"2018-12-11T19:09:06","date_gmt":"2018-12-11T19:09:06","guid":{"rendered":"http:\/\/umweltkids-bb.de\/?page_id=7"},"modified":"2020-01-03T10:14:06","modified_gmt":"2020-01-03T10:14:06","slug":"impressum","status":"publish","type":"page","link":"https:\/\/umweltkids-bb.de\/?page_id=7","title":{"rendered":"Impressum"},"content":{"rendered":"\n<p><br><\/p>\n\n\n\n<p>Dies ist die private Webseite der Umweltkids Berlin-Brandenburg.&nbsp; Hier findet ihr Informationen zu Umweltaktionen, die von den Umweltkids Berlin-Brandenburg durchgef\u00fchrt werden.<\/p>\n\n\n\n<p>Verantwortlich f\u00fcr den Inhalt sind die Umweltkids, das Administratorische \u00fcbernimmt <br>J.Irdem (webmaster@umweltkids-bb.de)<\/p>\n\n\n\n<p>Wenn ihr den Umweltkids schreiben wollt, dann<br>an: umweltkids-bb@posteo.de<\/p>\n\n\n\n<p><br><\/p>\n\n\n\n<p><br><br><\/p>\n","protected":false},"excerpt":{"rendered":"<p>Dies ist die private Webseite der Umweltkids Berlin-Brandenburg.&nbsp; Hier findet ihr Informationen zu Umweltaktionen, die von den Umweltkids Berlin-Brandenburg durchgef\u00fchrt werden. Verantwortlich f\u00fcr den Inhalt sind die Umweltkids, das Administratorische \u00fcbernimmt J.Irdem (webmaster@umweltkids-bb.de) Wenn ihr den Umweltkids schreiben wollt, dannan: umweltkids-bb@posteo.de<\/p>\n","protected":false},"author":1,"featured_media":0,"parent":0,"menu_order":0,"comment_status":"closed","ping_status":"closed","template":"","meta":{"footnotes":""},"class_list":["post-7","page","type-page","status-publish","hentry"],"jetpack_shortlink":"https:\/\/wp.me\/PaIICq-7","jetpack-related-posts":[],"jetpack_sharing_enabled":true,"_links":{"self":[{"href":"https:\/\/umweltkids-bb.de\/index.php?rest_route=\/wp\/v2\/pages\/7"}],"collection":[{"href":"https:\/\/umweltkids-bb.de\/index.php?rest_route=\/wp\/v2\/pages"}],"about":[{"href":"https:\/\/umweltkids-bb.de\/index.php?rest_route=\/wp\/v2\/types\/page"}],"author":[{"embeddable":true,"href":"https:\/\/umweltkids-bb.de\/index.php?rest_route=\/wp\/v2\/users\/1"}],"replies":[{"embeddable":true,"href":"https:\/\/umweltkids-bb.de\/index.php?rest_route=%2Fwp%2Fv2%2Fcomments&post=7"}],"version-history":[{"count":1,"href":"https:\/\/umweltkids-bb.de\/index.php?rest_route=\/wp\/v2\/pages\/7\/revisions"}],"predecessor-version":[{"id":640,"href":"https:\/\/umweltkids-bb.de\/index.php?rest_route=\/wp\/v2\/pages\/7\/revisions\/640"}],"wp:attachment":[{"href":"https:\/\/umweltkids-bb.de\/index.php?rest_route=%2Fwp%2Fv2%2Fmedia&parent=7"}],"curies":[{"name":"wp","href":"https:\/\/api.w.org\/{rel}","templated":true}]}}